{"id":493,"date":"2022-11-20T21:23:14","date_gmt":"2022-11-20T20:23:14","guid":{"rendered":"https:\/\/a-kubed.com\/mentions-legales\/"},"modified":"2022-12-21T08:50:11","modified_gmt":"2022-12-21T07:50:11","slug":"mentions-legales","status":"publish","type":"page","link":"https:\/\/a-kubed.com\/de\/mentions-legales\/","title":{"rendered":"Rechtliche Hinweise , Mandat und Honorare, TRACFIN"},"content":{"rendered":"\n<h2 class=\"wp-block-heading\"><strong><strong>Firmenbezeichnung<\/strong><\/strong><\/h2>\n\n\n\n<p><em>A-KUBED<br>12 RUE DU PORTUGON<br>06410 BIOT<br>Stammkapital in H\u00f6he von 1.000 Euro<br>SIRET: 90265738600022<br>NAF: Unternehmens- und sonstige Managementberatung (7022Z).<\/em><\/p>\n\n\n\n<h2 class=\"wp-block-heading\"><strong><strong>Kontaktdaten<\/strong><\/strong><\/h2>\n\n\n\n<p>Telefon: 04 93 65 40 00<\/p>\n\n\n\n<h2 class=\"wp-block-heading\"><strong><strong>Impressum<\/strong><\/strong><\/h2>\n\n\n\n<p>(Name und Vorname des Verantwortlichen) Patrick GILLIOT<br>(E-Mail des Verantwortlichen) contact@a-kubed.com<\/p>\n\n\n\n<h2 class=\"wp-block-heading\"><strong><strong>Hosting der Website<\/strong><\/strong><\/h2>\n\n\n\n<p>Hosting-Anbieter: GDA<br>12c rue 35\u00e8me r\u00e9giment d&#8217;aviation (Stra\u00dfe des 35. Fliegerregiments)<br>69500 BRON<br>https:\/\/www.gda.fr\/<\/p>\n\n\n\n<h2 class=\"wp-block-heading\"><strong><strong>Gestaltung und Entwicklung<\/strong><\/strong><\/h2>\n\n\n\n<p>Agentur ComDZ<\/p>\n\n\n\n<p>Adresse: 331 avenue du docteur Julien Lefebvre &#8211; Villeneuve-Loubet.<\/p>\n\n\n\n<p>Telefon: 04 93 34 18 68<\/p>\n\n\n\n<p>Website: www.comdz.fr<\/p>\n\n\n\n<h2 class=\"wp-block-heading\"><strong><strong>Bildnachweis<\/strong><\/strong><\/h2>\n\n\n\n<p><em>Die auf dieser Website integrierten Bildelemente wurden von ComDZ erstellt. Einige visuelle Elemente k\u00f6nnen auch von der Bilddatenbank Istock und der Firma A-KUBED stammen.<\/em><\/p>\n\n\n\n<h2 class=\"wp-block-heading\"><strong><strong>Haftungsausschluss<\/strong><\/strong><\/h2>\n\n\n\n<p><em>Die auf der Website www.a-kubed.com enthaltenen Informationen sind unverbindlich und nicht bindend. Wir bem\u00fchen uns, die Richtigkeit und Aktualit\u00e4t der auf dieser Website verbreiteten Informationen zu gew\u00e4hrleisten und behalten uns das Recht vor, den Inhalt jederzeit und ohne Vorank\u00fcndigung zu korrigieren. Dieser Inhalt ist nicht ersch\u00f6pfend. Das Unternehmen A-KUBED \u00fcbernimmt keine Haftung f\u00fcr Fehler, Ungenauigkeiten oder Auslassungen in diesen Informationen.<\/em><\/p>\n\n\n\n<h2 class=\"wp-block-heading\"><strong><strong>Recht auf Eigentum<\/strong><\/strong><\/h2>\n\n\n\n<p><em>Die Website und die verschiedenen Elemente, aus denen sie besteht, sind durch das Recht auf geistiges und gewerbliches Eigentum gesch\u00fctzt. Folglich ist jede Darstellung, jede Vervielf\u00e4ltigung und ganz allgemein jede Nutzung der gesamten oder eines Teils der Website (ihre allgemeine Struktur, Fotos, Informationen, Icons, Logos, Grafiken) ohne die vorherige schriftliche Genehmigung des Unternehmens A-KUBED strengstens untersagt, unabh\u00e4ngig davon, auf welche Weise sie erfolgt. Die auf der Website enthaltenen Informationen sind ausschlie\u00dflich f\u00fcr den privaten Gebrauch bestimmt. Die Vervielf\u00e4ltigung aller auf der Website www.a-kubed.com ver\u00f6ffentlichten Dokumente und die Verwendung der erstellten Kopien ist nur zu Informationszwecken f\u00fcr den pers\u00f6nlichen und privaten Gebrauch gestattet.<\/em><\/p>\n\n\n\n<h2 class=\"wp-block-heading\"><strong>Das Mandat ist obligatorisch<\/strong><\/h2>\n\n\n\n<p>Dekret Nr. 72-678 vom 20. Juli 1972 &#8211; Artikel 72<\/p>\n\n\n\n<p>&#8222;Der Inhaber des Berufsausweises mit der Bezeichnung &#8211; Transactions sur immeubles et fonds de commerce &#8211; darf nicht \u00fcber die in Artikel 1 (Abs\u00e4tze 1 bis 5) des oben genannten Gesetzes vom 2. Januar 1970 genannten Gesch\u00e4fte verhandeln oder sich verpflichten, ohne im Besitz einer schriftlichen Vollmacht\/Mandat zu sein, die zu diesem Zweck von einer der Parteien vorab ausgestellt wurde&#8220;.<\/p>\n\n\n\n<p>Berufsausweis N\u00b0CPI 06052021000000273<\/p>\n\n\n\n<p>Finanzielle Garantie&nbsp;: ALLIANZ<\/p>\n\n\n\n<p>Policenummer&nbsp;: 41319158<\/p>\n\n\n\n<p>Transaktion ohne Geldhandhabung<\/p>\n\n\n\n<p>Vertreter&nbsp;: Verspieren SA 8 a du Stade de France 93218 La Plaine Saint Denis Cedex<\/p>\n\n\n\n<h2 class=\"wp-block-heading\"><strong>Honorare auf die angezeigten Preise.<\/strong><\/h2>\n\n\n\n<p>Die angezeigten Preise verstehen sich inklusive Honorar.<\/p>\n\n\n\n<p>Die Honorare gehen zu Lasten des K\u00e4ufers.<\/p>\n\n\n\n<p>H\u00f6he des Honorars 5.83% + g\u00fcltige MwSt (20%), d.h. 7% inklusive MwSt<\/p>\n\n\n\n<h2 class=\"wp-block-heading\"><strong>TRACFIN<\/strong><\/h2>\n\n\n\n<h3 class=\"wp-block-heading\"><strong>Traitement du Renseignement et Action contre les Circuits Financiers Clandestins<\/strong><\/h3>\n\n\n\n<p>TRACFIN wurde 1990 im Rahmen der von der G7 (Gruppe f\u00fcr Gespr\u00e4che und wirtschaftliche Partnerschaft von sieben der gr\u00f6\u00dften Wirtschaftsm\u00e4chte der Welt: USA, Japan, Deutschland, Frankreich, Gro\u00dfbritannien, Italien, Kanada) initiierten internationalen Mobilisierung zur Bek\u00e4mpfung von Schwarzgeld gegr\u00fcndet. TRACFIN ist eine Verwaltungsstelle zur Bearbeitung von Finanzinformationen, die zur Entwicklung einer gesunden Wirtschaft beitr\u00e4gt, indem sie illegale Finanzkreisl\u00e4ufe, Geldw\u00e4sche und die Finanzierung des Terrorismus bek\u00e4mpft. Sie untersteht der doppelten Aufsicht des Wirtschaftsministers und des Haushaltsministers (TRACFIN -10 rue Auguste Blanqui -93186 MONTREUIL SOUS BOIS Cedex -Tel. 01 57 53 27 00).<\/p>\n\n\n\n<p>TRACFIN ist die franz\u00f6sische Finanzfahndungsstelle (FIU), deren Aufgabe es ist, gegen illegale Finanzkreisl\u00e4ufe, Geldw\u00e4sche und Terrorismusfinanzierung vorzugehen. Sie verf\u00fcgt \u00fcber eine weitgehende Autonomie und operative Unabh\u00e4ngigkeit, um ihre Aufgaben zu erf\u00fcllen.<\/p>\n\n\n\n<p>Im Vorfeld der Gerichtsphase sammelt, analysiert, erweitert und verwertet die Beh\u00f6rde alle Informationen, die geeignet sind, den kriminellen Ursprung oder das kriminelle Ziel einer Transaktion nachzuweisen.<\/p>\n\n\n\n<h2 class=\"wp-block-heading\"><strong>WARUM IST DER IMMOBILIENMAKLER BETROFFEN?<\/strong><\/h2>\n\n\n\n<p>Aus den verschiedenen von der Financial Action Task Force (FATF)* ver\u00f6ffentlichten Berichten geht hervor, dass der Immobiliensektor zahlreiche Finanztransaktionen generiert und ein f\u00fcr Geldw\u00e4schetechniken anf\u00e4lliger Wirtschaftszweig ist. Immobilienmakler k\u00f6nnen daher ein bevorzugtes Ziel in der Strategie der Wiederverwendung illegaler Gelder darstellen, da sie einer starken Beanspruchung ausgesetzt sind.<\/p>\n\n\n\n<p>In diesem Zusammenhang verpflichtet sich A-KUBED nat\u00fcrlich zu besonderer Aufmerksamkeit in Bezug auf die verschiedenen von TRACFIN geforderten Bestimmungen und muss die folgenden Informationen \u00fcber seine Verk\u00e4ufer- und K\u00e4ufer-Kunden bereithalten:<\/p>\n\n\n\n<p>&#8211; Identit\u00e4tsnachweise<\/p>\n\n\n\n<p>&#8211; Nachweis des Wohnsitzes<\/p>\n\n\n\n<p>&#8211; Eigentumsnachweis<\/p>\n\n\n\n<p>&#8211; Im Falle einer juristischen Person: Satzung und Kbis der Gesellschaft und vollst\u00e4ndiger Familienstand des\/der Gesch\u00e4ftsf\u00fchrer(s) mit Ausweispapieren und Wohnsitznachweis.<\/p>\n\n\n\n<p><strong>Weitere Informationen: https:\/\/www.economie.gouv.fr\/tracfin<\/strong><\/p>\n","protected":false},"excerpt":{"rendered":"<p>Firmenbezeichnung A-KUBED12 RUE DU PORTUGON06410 BIOTStammkapital in H\u00f6he von 1.000 EuroSIRET: 90265738600022NAF: Unternehmens- und sonstige Managementberatung (7022Z). Kontaktdaten Telefon: 04 93 65 40 00 Impressum (Name und Vorname des Verantwortlichen) Patrick GILLIOT(E-Mail des Verantwortlichen) contact@a-kubed.com Hosting der Website Hosting-Anbieter: GDA12c rue 35\u00e8me r\u00e9giment d&#8217;aviation (Stra\u00dfe des 35. Fliegerregiments)69500 BRONhttps:\/\/www.gda.fr\/ Gestaltung und Entwicklung Agentur ComDZ Adresse: [&hellip;]<\/p>\n","protected":false},"author":1,"featured_media":0,"parent":0,"menu_order":0,"comment_status":"closed","ping_status":"closed","template":"page-text.php","meta":{"_acf_changed":false,"footnotes":""},"class_list":["post-493","page","type-page","status-publish","hentry"],"acf":[],"yoast_head":"<!-- This site is optimized with the Yoast SEO plugin v23.8 - https:\/\/yoast.com\/wordpress\/plugins\/seo\/ -->\n<title>Rechtliche Hinweise , Mandat und Honorare, TRACFIN - A-Kubed<\/title>\n<meta name=\"robots\" content=\"index, follow, max-snippet:-1, max-image-preview:large, max-video-preview:-1\" \/>\n<link rel=\"canonical\" href=\"https:\/\/a-kubed.com\/de\/mentions-legales\/\" \/>\n<meta property=\"og:locale\" content=\"de_DE\" \/>\n<meta property=\"og:type\" content=\"article\" \/>\n<meta property=\"og:title\" content=\"Rechtliche Hinweise , Mandat und Honorare, TRACFIN - A-Kubed\" \/>\n<meta property=\"og:description\" content=\"Firmenbezeichnung A-KUBED12 RUE DU PORTUGON06410 BIOTStammkapital in H\u00f6he von 1.000 EuroSIRET: 90265738600022NAF: Unternehmens- und sonstige Managementberatung (7022Z). Kontaktdaten Telefon: 04 93 65 40 00 Impressum (Name und Vorname des Verantwortlichen) Patrick GILLIOT(E-Mail des Verantwortlichen) contact@a-kubed.com Hosting der Website Hosting-Anbieter: GDA12c rue 35\u00e8me r\u00e9giment d&#8217;aviation (Stra\u00dfe des 35. Fliegerregiments)69500 BRONhttps:\/\/www.gda.fr\/ Gestaltung und Entwicklung Agentur ComDZ Adresse: [&hellip;]\" \/>\n<meta property=\"og:url\" content=\"https:\/\/a-kubed.com\/de\/mentions-legales\/\" \/>\n<meta property=\"og:site_name\" content=\"A-Kubed\" \/>\n<meta property=\"article:modified_time\" content=\"2022-12-21T07:50:11+00:00\" \/>\n<meta name=\"twitter:card\" content=\"summary_large_image\" \/>\n<meta name=\"twitter:label1\" content=\"Gesch\u00e4tzte Lesezeit\" \/>\n\t<meta name=\"twitter:data1\" content=\"4\u00a0Minuten\" \/>\n<script type=\"application\/ld+json\" class=\"yoast-schema-graph\">{\"@context\":\"https:\/\/schema.org\",\"@graph\":[{\"@type\":\"WebPage\",\"@id\":\"https:\/\/a-kubed.com\/de\/mentions-legales\/\",\"url\":\"https:\/\/a-kubed.com\/de\/mentions-legales\/\",\"name\":\"Rechtliche Hinweise , Mandat und Honorare, TRACFIN - A-Kubed\",\"isPartOf\":{\"@id\":\"https:\/\/a-kubed.com\/de\/#website\"},\"datePublished\":\"2022-11-20T20:23:14+00:00\",\"dateModified\":\"2022-12-21T07:50:11+00:00\",\"breadcrumb\":{\"@id\":\"https:\/\/a-kubed.com\/de\/mentions-legales\/#breadcrumb\"},\"inLanguage\":\"de\",\"potentialAction\":[{\"@type\":\"ReadAction\",\"target\":[\"https:\/\/a-kubed.com\/de\/mentions-legales\/\"]}]},{\"@type\":\"BreadcrumbList\",\"@id\":\"https:\/\/a-kubed.com\/de\/mentions-legales\/#breadcrumb\",\"itemListElement\":[{\"@type\":\"ListItem\",\"position\":1,\"name\":\"Accueil\",\"item\":\"https:\/\/a-kubed.com\/de\/\"},{\"@type\":\"ListItem\",\"position\":2,\"name\":\"Rechtliche Hinweise , Mandat und Honorare, TRACFIN\"}]},{\"@type\":\"WebSite\",\"@id\":\"https:\/\/a-kubed.com\/de\/#website\",\"url\":\"https:\/\/a-kubed.com\/de\/\",\"name\":\"A-Kubed\",\"description\":\"\",\"potentialAction\":[{\"@type\":\"SearchAction\",\"target\":{\"@type\":\"EntryPoint\",\"urlTemplate\":\"https:\/\/a-kubed.com\/de\/?s={search_term_string}\"},\"query-input\":{\"@type\":\"PropertyValueSpecification\",\"valueRequired\":true,\"valueName\":\"search_term_string\"}}],\"inLanguage\":\"de\"}]}<\/script>\n<!-- \/ Yoast SEO plugin. -->","yoast_head_json":{"title":"Rechtliche Hinweise , Mandat und Honorare, TRACFIN - A-Kubed","robots":{"index":"index","follow":"follow","max-snippet":"max-snippet:-1","max-image-preview":"max-image-preview:large","max-video-preview":"max-video-preview:-1"},"canonical":"https:\/\/a-kubed.com\/de\/mentions-legales\/","og_locale":"de_DE","og_type":"article","og_title":"Rechtliche Hinweise , Mandat und Honorare, TRACFIN - A-Kubed","og_description":"Firmenbezeichnung A-KUBED12 RUE DU PORTUGON06410 BIOTStammkapital in H\u00f6he von 1.000 EuroSIRET: 90265738600022NAF: Unternehmens- und sonstige Managementberatung (7022Z). Kontaktdaten Telefon: 04 93 65 40 00 Impressum (Name und Vorname des Verantwortlichen) Patrick GILLIOT(E-Mail des Verantwortlichen) contact@a-kubed.com Hosting der Website Hosting-Anbieter: GDA12c rue 35\u00e8me r\u00e9giment d&#8217;aviation (Stra\u00dfe des 35. Fliegerregiments)69500 BRONhttps:\/\/www.gda.fr\/ Gestaltung und Entwicklung Agentur ComDZ Adresse: [&hellip;]","og_url":"https:\/\/a-kubed.com\/de\/mentions-legales\/","og_site_name":"A-Kubed","article_modified_time":"2022-12-21T07:50:11+00:00","twitter_card":"summary_large_image","twitter_misc":{"Gesch\u00e4tzte Lesezeit":"4\u00a0Minuten"},"schema":{"@context":"https:\/\/schema.org","@graph":[{"@type":"WebPage","@id":"https:\/\/a-kubed.com\/de\/mentions-legales\/","url":"https:\/\/a-kubed.com\/de\/mentions-legales\/","name":"Rechtliche Hinweise , Mandat und Honorare, TRACFIN - A-Kubed","isPartOf":{"@id":"https:\/\/a-kubed.com\/de\/#website"},"datePublished":"2022-11-20T20:23:14+00:00","dateModified":"2022-12-21T07:50:11+00:00","breadcrumb":{"@id":"https:\/\/a-kubed.com\/de\/mentions-legales\/#breadcrumb"},"inLanguage":"de","potentialAction":[{"@type":"ReadAction","target":["https:\/\/a-kubed.com\/de\/mentions-legales\/"]}]},{"@type":"BreadcrumbList","@id":"https:\/\/a-kubed.com\/de\/mentions-legales\/#breadcrumb","itemListElement":[{"@type":"ListItem","position":1,"name":"Accueil","item":"https:\/\/a-kubed.com\/de\/"},{"@type":"ListItem","position":2,"name":"Rechtliche Hinweise , Mandat und Honorare, TRACFIN"}]},{"@type":"WebSite","@id":"https:\/\/a-kubed.com\/de\/#website","url":"https:\/\/a-kubed.com\/de\/","name":"A-Kubed","description":"","potentialAction":[{"@type":"SearchAction","target":{"@type":"EntryPoint","urlTemplate":"https:\/\/a-kubed.com\/de\/?s={search_term_string}"},"query-input":{"@type":"PropertyValueSpecification","valueRequired":true,"valueName":"search_term_string"}}],"inLanguage":"de"}]}},"_links":{"self":[{"href":"https:\/\/a-kubed.com\/de\/wp-json\/wp\/v2\/pages\/493","targetHints":{"allow":["GET"]}}],"collection":[{"href":"https:\/\/a-kubed.com\/de\/wp-json\/wp\/v2\/pages"}],"about":[{"href":"https:\/\/a-kubed.com\/de\/wp-json\/wp\/v2\/types\/page"}],"author":[{"embeddable":true,"href":"https:\/\/a-kubed.com\/de\/wp-json\/wp\/v2\/users\/1"}],"replies":[{"embeddable":true,"href":"https:\/\/a-kubed.com\/de\/wp-json\/wp\/v2\/comments?post=493"}],"version-history":[{"count":4,"href":"https:\/\/a-kubed.com\/de\/wp-json\/wp\/v2\/pages\/493\/revisions"}],"predecessor-version":[{"id":684,"href":"https:\/\/a-kubed.com\/de\/wp-json\/wp\/v2\/pages\/493\/revisions\/684"}],"wp:attachment":[{"href":"https:\/\/a-kubed.com\/de\/wp-json\/wp\/v2\/media?parent=493"}],"curies":[{"name":"wp","href":"https:\/\/api.w.org\/{rel}","templated":true}]}}