{"id":489,"date":"2022-11-01T18:05:16","date_gmt":"2022-11-01T17:05:16","guid":{"rendered":"https:\/\/a-kubed.com\/privacy-policy\/"},"modified":"2022-12-21T08:50:17","modified_gmt":"2022-12-21T07:50:17","slug":"privacy-policy","status":"publish","type":"page","link":"https:\/\/a-kubed.com\/de\/privacy-policy\/","title":{"rendered":"Datenschutzrichtlinie"},"content":{"rendered":"\n<p><em>Gem\u00e4\u00df der vom Europ\u00e4ischen Parlament am 14. April 2016 verabschiedeten Allgemeinen Datenschutzverordnung (General Data Protection Regulation) und dem ge\u00e4nderten franz\u00f6sischen Datenschutzgesetz (Loi Informatique et Libert\u00e9s) vom 6. Januar 1978 informieren wir Sie \u00fcber folgende Punkte&nbsp;:<\/em><\/p>\n\n\n\n<h2 class=\"wp-block-heading\">Identit\u00e4t des f\u00fcr die Verarbeitung Verantwortlichen<\/h2>\n\n\n\n<p><em>Das Unternehmen A-KUBED ist f\u00fcr die Verarbeitung der auf dieser Website gesammelten Daten verantwortlich. Weitere Informationen zu unserer Identit\u00e4t finden Sie in unseren <a href=\"https:\/\/a-kubed.com\/de\/mentions-legales\/\">rechtlichen Hinweisen<\/a>.<\/em><\/p>\n\n\n\n<h2 class=\"wp-block-heading\">Zweck der Verarbeitung<\/h2>\n\n\n\n<p><em>Die Erhebung personenbezogener Daten \u00fcber die verschiedenen Formulare auf der Website dient folgenden Zwecken:<\/em><\/p>\n\n\n\n<p><em>\u25cf Ihre \u00fcber die Kontaktformulare ge\u00e4u\u00dferten Anfragen zu beantworten.<\/em><\/p>\n\n\n\n<p><em>\u25cf Ihre Interaktion mit unseren Websites zu personalisieren, Ihre Navigation zu erleichtern und Statistiken \u00fcber die Nutzung der Website zu erstellen;<\/em><\/p>\n\n\n\n<p><em>Durch das Absenden der Formulare und das Ankreuzen des Zustimmungsk\u00e4stchens erkl\u00e4ren Sie sich ausdr\u00fccklich damit einverstanden, dass die personenbezogenen Daten f\u00fcr den Zweck der \u00fcber die Formulare explizit gestellten Anfrage verarbeitet werden.<\/em><\/p>\n\n\n\n<p><em>Die Erhebung personenbezogener Daten durch das auf der Website verwendete Webtracking-Tool Google Analytics dient folgenden Zwecken:<\/em><\/p>\n\n\n\n<p><em>\u25cf Das Verhalten der Internetnutzer auf der Website zu analysieren, um die Besucherzahlen messen und die Website verbessern zu k\u00f6nnen.<\/em><\/p>\n\n\n\n<h2 class=\"wp-block-heading\">Die Relevanz der Daten<\/h2>\n\n\n\n<p><em>Das Unternehmen A-KUBED erhebt und verarbeitet personenbezogene Daten auf faire und rechtm\u00e4\u00dfige Weise. Die erhobenen Daten umfassen die folgenden Kategorien:<\/em><\/p>\n\n\n\n<p><em>\u25cf Identit\u00e4t (z. B. Name, Vorname(n), Kontaktdaten \u2026) ;<\/em><\/p>\n\n\n\n<p><em>\u25cf Verbindungsdaten (z. B.: Cookies \u2026) ;<\/em><\/p>\n\n\n\n<p><em>\u25cf Standortdaten (z. B.: abgeleitet aus der IP-Adresse, von der aus Sie die Website aufrufen\u2026).<\/em><\/p>\n\n\n\n<p><em>Das Unternehmen A-KUBED sorgt daf\u00fcr, dass die Daten w\u00e4hrend der gesamten Verarbeitung aktualisiert werden, damit sie nicht veraltet sind.<\/em><\/p>\n\n\n\n<h2 class=\"wp-block-heading\">Empf\u00e4nger<\/h2>\n\n\n\n<p><em>Nur das Unternehmen A-KUBED ist Empf\u00e4nger Ihrer Pers\u00f6nlichen Informationen. Diese werden niemals an Dritte weitergegeben. Weder das Unternehmen A-KUBED noch einer seiner Subunternehmer vermarktet die pers\u00f6nlichen Daten der Besucher und Nutzer seiner Website.<\/em><\/p>\n\n\n\n<h2 class=\"wp-block-heading\">Dauer der Speicherung<\/h2>\n\n\n\n<p><em>Ihre Pers\u00f6nlichen Informationen werden von A-KUBED nur so lange aufbewahrt, wie es dem Zweck der Sammlung entspricht, in jedem Fall aber nicht l\u00e4nger als 36 Monate. Nach Ablauf dieser Frist werden die Pers\u00f6nlichen Informationen entweder gel\u00f6scht oder anonymisiert. Die \u00fcber Formulare gesammelten Daten werden ein Jahr lang ab dem Absenden des Formulars aufbewahrt.<\/em><\/p>\n\n\n\n<p><em>Die vom Webanalyse-Tool Google Analytics verwendeten Cookies haben folgende Lebensdauer:<\/em><\/p>\n\n\n\n<p><em><\/em><em>_ga: 2 Jahre<\/em><\/p>\n\n\n\n<p><em><\/em><em>_gid: 24 Stunden<\/em><\/p>\n\n\n\n<p><em><\/em><em>_gat: 1 Minute<\/em><\/p>\n\n\n\n<h2 class=\"wp-block-heading\">Datenschutz<\/h2>\n\n\n\n<p><em>Die auf der Website <\/em><a href=\"https:\/\/www\"><em>https:\/\/www<\/em><\/a><em>.a-kubed.com erfassten pers\u00f6nlichen Daten, die Sie betreffen, sind ausschlie\u00dflich f\u00fcr die Firma A-KUBED bestimmt und werden u rim Rahmen der expliziten Anfrage \u00fcber die Formulare verwendet. In keinem Fall werden die in den Formularen eingegebenen und \u00fcbermittelten pers\u00f6nlichen Daten an Dritte weitergegeben, vermietet oder vermarktet.<\/em><\/p>\n\n\n\n<h2 class=\"wp-block-heading\">Sicherheit<\/h2>\n\n\n\n<p><em>Um die Sicherheit Ihrer pers\u00f6nlichen Daten zu gew\u00e4hrleisten, sind alle Seiten der Website <\/em><a href=\"https:\/\/www\"><em>https:\/\/www<\/em><\/a><em>.a-kubed.com durch das Protokoll des Typs HTTPS, TLS 1.2 \/ RSA gesichert. Dieses Protokoll erm\u00f6glicht die Verschl\u00fcsselung des Inhalts des Austauschs zwischen dem Browser und den Hosting-Servern und verhindert so, dass die \u00fcber die Formulare eingegebenen und gesendeten pers\u00f6nlichen Daten bei der \u00dcbertragung von Dritten abgefangen werden k\u00f6nnen.<\/em><\/p>\n\n\n\n<h2 class=\"wp-block-heading\">Ort der Speicherung<\/h2>\n\n\n\n<p><em>Die Hosting-Server der Website https:\/\/www.a-kubed.com befinden sich ausschlie\u00dflich in Frankreich, innerhalb der Europ\u00e4ischen Union. A-KUBED verpflichtet sich, keine personenbezogenen Daten in einen Staat zu \u00fcbertragen, der nicht Mitglied der Europ\u00e4ischen Gemeinschaft ist.<\/em><\/p>\n\n\n\n<h2 class=\"wp-block-heading\">Recht auf Zugriff, Berichtigung, L\u00f6schung und \u00dcbertragbarkeit<\/h2>\n\n\n\n<p><em>Gem\u00e4\u00df den geltenden Gesetzen und Vorschriften, insbesondere der DSGVO und dem Gesetz \u00fcber Informatik und Freiheiten, haben Sie das Recht auf Zugang, Berichtigung und L\u00f6schung Ihrer auf der Website gesammelten personenbezogenen Daten. Sie haben auch ein Recht auf Einschr\u00e4nkung der Verarbeitung und ein Recht auf \u00dcbertragbarkeit Ihrer personenbezogenen Daten, die auf der Website und im Rahmen unseres Dienstes zur Messung des Publikums gesammelt wurden.<\/em><\/p>\n\n\n\n<p><em>Um diese Rechte auszu\u00fcben, bitten wir Sie, uns zu kontaktieren:<\/em><\/p>\n\n\n\n<p><em>\u25cf per E-Mail an die Adresse contact@a-kubed.com.<\/em><\/p>\n\n\n\n<p><em>\u25cf \u00fcber das Kontaktformular.<\/em><\/p>\n\n\n\n<p><em>\u25cf indem Sie einen eingeschriebenen Brief an die Firma A-KUBED, 12 RUE DU PORTUGON, 06410 BIOT senden.&nbsp;<\/em><\/p>\n\n\n\n<p><em>Um Ihre Anfrage zu legitimieren, muss diese unterschrieben und von einer Fotokopie eines g\u00fcltigen Identit\u00e4tstitels begleitet sein, der Ihre Unterschrift tr\u00e4gt. Sie werden der Firma A-KUBED auch Ihre Kontaktdaten anvertrauen, damit wir Ihnen eine Antwort zukommen lassen k\u00f6nnen.<\/em><\/p>\n\n\n\n<p><em>Sie k\u00f6nnen auch auf der Website https:\/\/www.a-kubed.com das Herunterladen und\/oder die L\u00f6schung Ihrer personenbezogenen Daten \u00fcber das nachstehende Formular beantragen. Sie werden nach Ihrer E-Mail-Adresse gefragt, mit der Sie sich bei der Beantragung authentifizieren k\u00f6nnen.<\/em><\/p>\n\n\n\n<h2 class=\"wp-block-heading\">Antrag auf Wiederherstellung\/L\u00f6schung Ihrer pers\u00f6nlichen Daten<\/h2>\n\n\n<div class=\"gdpr-data-request-block\">\t\t<form action=\"https:\/\/a-kubed.com\/wp-admin\/admin-ajax.php\" method=\"post\" id=\"gdrf-form\">\n\t\t\t<input type=\"hidden\" name=\"action\" value=\"gdrf_data_request\" \/>\n\t\t\t<input type=\"hidden\" name=\"gdrf_data_human_key\" id=\"gdrf_data_human_key\" value=\"20008\" \/>\n\t\t\t<input type=\"hidden\" name=\"gdrf_data_nonce\" id=\"gdrf_data_nonce\" value=\"6fa797e4af\" \/>\n\n\t\t\t\t\t<div class=\"gdrf-field gdrf-field-action\" role=\"radiogroup\" aria-labelledby=\"gdrf-radio-label\">\n\t\t\t\t<p id=\"gdrf-radio-label\">\n\t\t\t\t\tW\u00e4hle eine Anfrage aus:\t\t\t\t<\/p>\n\n\t\t\t\t<input id=\"gdrf-data-type-export\" class=\"gdrf-data-type-input\" type=\"radio\" name=\"gdrf_data_type\" value=\"export_personal_data\" \/>\n\t\t\t\t<label for=\"gdrf-data-type-export\" class=\"gdrf-data-type-label\">\n\t\t\t\t\tPersonenbezogene Daten exportieren\t\t\t\t<\/label>\n\t\t\t\t<br \/>\n\t\t\t\t<input id=\"gdrf-data-type-remove\" class=\"gdrf-data-type-input\" type=\"radio\" name=\"gdrf_data_type\" value=\"remove_personal_data\" \/>\n\t\t\t\t<label for=\"gdrf-data-type-remove\" class=\"gdrf-data-type-label\">\n\t\t\t\t\tPersonenbezogene Daten l\u00f6schen\t\t\t\t<\/label>\n\t\t\t<\/div>\n\t\t\n\t\t\t<p class=\"gdrf-field gdrf-field-email\">\n\t\t\t\t<label for=\"gdrf_data_email\">\n\t\t\t\t\tDeine E-Mail-Adresse (erforderlich)\t\t\t\t<\/label>\n\t\t\t\t<input type=\"email\" id=\"gdrf_data_email\" name=\"gdrf_data_email\" required \/>\n\t\t\t<\/p>\n\n\t\t\t<p class=\"gdrf-field gdrf-field-human\">\n\t\t\t\t<label for=\"gdrf_data_human\">\n\t\t\t\t\tHuman verification (required):\t\t\t\t\t2\u00a0+\u00a08\u00a0=\u00a0?\t\t\t\t<\/label>\n\t\t\t\t<input type=\"text\" id=\"gdrf_data_human\" name=\"gdrf_data_human\" required \/>\n\t\t\t<\/p>\n\n\t\t\t<p class=\"gdrf-field gdrf-field-submit\">\n\t\t\t\t<input id=\"gdrf-submit-button\" type=\"submit\" class=\"wp-element-button\" value=\"Send Request\" \/>\n\t\t\t<\/p>\n\t\t<\/form>\n\t\t<\/div>\n\n\n<h2 class=\"wp-block-heading\">Widerspruchsrecht und Recht auf Widerruf der Einwilligung<\/h2>\n\n\n\n<p><em>Sie k\u00f6nnen jederzeit der Erhebung und Verarbeitung Ihrer personenbezogenen Daten, die von der Firma A-KUBED im Rahmen ihres Dienstes zur Messung der Besucherzahlen \u00fcber Cookies erhoben werden, widersprechen oder Ihre Zustimmung dazu widerrufen, indem Sie hier klicken: <a class=\"js--cookies\" href=\"#\" rel=\"nofollow\">Ich widerrufe die Cookies von Drittanbietern<\/a><\/em><\/p>\n\n\n\n<p><em>Sie k\u00f6nnen die Cookies auf Ihrem Computer und auf Mobilger\u00e4ten auch \u00fcber Ihre Browser verwalten\/l\u00f6schen. Weitere Informationen finden Sie in unserem Abschnitt \u00fcber die Richtlinien zur Verwendung von <a href=\"#cookies\">Cookies<\/a>.<\/em><\/p>\n\n\n\n<h3 class=\"wp-block-heading\">Fristen f\u00fcr die Beantwortung<\/h3>\n\n\n\n<p><em>Das Unternehmen A-KUBED verpflichtet sich, Ihren Antrag auf Zugang, Berichtigung oder Widerspruch oder jeden anderen Antrag auf zus\u00e4tzliche Informationen innerhalb einer angemessenen Frist zu beantworten, die einen Monat ab dem Eingang Ihres Antrags nicht \u00fcberschreiten darf.<\/em><\/p>\n\n\n\n<h3 class=\"wp-block-heading\">Beschwerde<\/h3>\n\n\n\n<p><em>Sie haben das Recht, eine Beschwerde bei einer Kontrollbeh\u00f6rde einzureichen, wenn Sie der Ansicht sind, dass die Firma A-KUBED ihren Verpflichtungen in Bezug auf Ihre Pers\u00f6nlichen Informationen nicht nachkommt. In Frankreich ist die zust\u00e4ndige Beh\u00f6rde die CNIL. Sie k\u00f6nnen eine Beschwerde auf elektronischem Wege einreichen, indem Sie auf den folgenden Link klicken: https:\/\/www.cnil.fr\/fr\/plaintes\/interne<\/em><\/p>\n\n\n\n<h2 class=\"wp-block-heading\" id=\"cookies\">Richtlinien f\u00fcr die Verwendung von Cookies<\/h2>\n\n\n\n<p><em>Beim Besuch dieser Website werden Cookies auf Ihrem Computer, Handy oder Tablet-PC abgelegt. Cookies erm\u00f6glichen es, Informationen \u00fcber die Navigation (Datum, Seite, Uhrzeit) sowie \u00fcber eventuelle Daten, die von den Internetnutzern w\u00e4hrend ihres Besuchs eingegeben wurden (Suchanfragen, Login), zu speichern. Die Cookies werden an den Computer des Nutzers angeh\u00e4ngt und nicht an den Nutzer selbst.<\/em><\/p>\n\n\n\n<h3 class=\"wp-block-heading\">Die verschiedenen Arten von Cookies<\/h3>\n\n\n\n<p><em>W\u00e4hrend Ihres Surfens werden Sie auf zwei Arten von Cookies sto\u00dfen: Interne Cookies und Cookies von Drittanbietern.<\/em><\/p>\n\n\n\n<h3 class=\"wp-block-heading\">Interne Cookies auf der Website<\/h3>\n\n\n\n<p><em>Cookies, die im Endger\u00e4t des Nutzers installiert werden, dienen technischen Zwecken. Sie sind unerl\u00e4sslich, um den Anforderungen der Navigation auf unserer Website gerecht zu werden. Diese Cookies merken sich die von den Kunden getroffenen Entscheidungen (z. B. Benutzername). Sie erm\u00f6glichen es, die Navigation zu personalisieren und bestimmte Funktionen zu nutzen. Diese Cookies erm\u00f6glichen es uns auch, Besucherstatistiken zu erstellen, um die Qualit\u00e4t unserer Dienstleistungen zu verbessern.<\/em><\/p>\n\n\n\n<h3 class=\"wp-block-heading\">Cookies von Drittanbietern<\/h3>\n\n\n\n<p><em>Hierbei handelt es sich um Cookies, die von Drittanbietern (z. B. Partnern) abgelegt werden, um Ihre Interessen zu ermitteln und die Werbung, die Sie au\u00dferhalb unserer Website erhalten, auf Sie abzustimmen. Sie k\u00f6nnen hinterlegt werden, wenn Sie auf einer Website surfen oder auf bestimmte Werbefl\u00e4chen auf dieser Website klicken. Im Rahmen von Partnerschaften achten wir stets darauf, dass die Partnerunternehmen das ge\u00e4nderte Gesetz \u00fcber Informatik und Freiheiten vom 6. Januar 1978 einhalten und sich verpflichten, geeignete Ma\u00dfnahmen zur Sicherung und zum Schutz der Vertraulichkeit der Daten zu ergreifen.<\/em><\/p>\n\n\n\n<h3 class=\"wp-block-heading\">Einstellen Ihres Internetbrowsers<\/h3>\n\n\n\n<p><em>Der Nutzer kann sich jederzeit daf\u00fcr entscheiden, diese Cookies zu deaktivieren. Ihr Browser kann auch so eingestellt werden, dass er Sie \u00fcber Cookies informiert, die auf Ihrem Endger\u00e4t abgelegt werden, und Sie auffordert, diese zu akzeptieren oder nicht. Einige Inhalte erfordern die Verwendung von Cookies. Wenn Ihr Browser so eingestellt ist, dass er keine Cookies akzeptiert, k\u00f6nnen Sie in diesem Fall einen Teil unserer Dienste nicht nutzen.<\/em><\/p>\n\n\n\n<h3 class=\"wp-block-heading\">So aktivieren oder deaktivieren Sie Cookies<\/h3>\n\n\n\n<p><strong><em>Internet Explorer<\/em><\/strong><\/p>\n\n\n\n<p><em>Gehen Sie in das Men\u00fc &#8222;Extras&#8220; und w\u00e4hlen Sie &#8222;Internetoptionen&#8220;. Klicken Sie auf die Registerkarte &#8222;Datenschutz&#8220;. Mithilfe des Schiebereglers k\u00f6nnen Sie Ihre Wahl bez\u00fcglich Cookies einstellen. Wenn Sie auf &#8222;Erweitert&#8220; klicken, wird eine manuelle Verwaltung der Cookies erm\u00f6glicht. Speichern Sie Ihre Einstellungen anschlie\u00dfend mit einem Klick auf &#8222;OK&#8220;.<\/em><\/p>\n\n\n\n<p><strong><em>Mozilla Firefox<\/em><\/strong><\/p>\n\n\n\n<p><em>Gehen Sie im Browser auf die Registerkarte &#8222;Extras&#8220;. W\u00e4hlen Sie das Men\u00fc &#8222;Optionen&#8220; und dann die Registerkarte &#8222;Datenschutz&#8220;. Abschnitt Verlauf: Klicken Sie im Dropdown-Men\u00fc &#8222;Aufbewahrungsregeln&#8220; auf &#8222;Benutzerdefinierte Einstellungen f\u00fcr den Verlauf verwenden&#8220;. Die angezeigten Einstellungen erm\u00f6glichen es Ihnen, Ihre Wahl bez\u00fcglich Cookies und deren Speicherdauer zu treffen (alle Cookies ablehnen, Cookies akzeptieren und dabei Cookies von Drittanbietern ablehnen usw.). Speichern Sie Ihre Einstellungen, indem Sie auf &#8222;OK&#8220; klicken.<\/em><\/p>\n\n\n\n<p><strong><em>Google Chrome<\/em><\/strong><\/p>\n\n\n\n<p><em>Klicken Sie auf das Symbol &#8222;Google Chrome anpassen und steuern&#8220;, das sich oben rechts in der Navigationsleiste befindet. W\u00e4hlen Sie &#8222;Einstellungen&#8220; und aktivieren Sie dann &#8222;Erweiterte Einstellungen anzeigen&#8220;. Aktivieren Sie im Bereich &#8222;Datenschutz&#8220; das Men\u00fc &#8222;Inhaltseinstellungen&#8220;. Stellen Sie Ihre Wahl bez\u00fcglich Cookies ein.<\/em><\/p>\n\n\n\n<p><strong><em>Safari<\/em><\/strong><\/p>\n\n\n\n<p><em>Klicken Sie in der oberen Men\u00fcleiste auf &#8222;Safari&#8220; und dann auf &#8222;Einstellungen&#8220;. W\u00e4hlen Sie das Symbol &#8222;Datenschutz&#8220;. Stellen Sie Ihre Wahl bez\u00fcglich Cookies ein.<\/em><\/p>\n\n\n\n<p><strong><em>Verwendung der mithilfe von Cookies gesammelten Daten<\/em><\/strong><em>.<\/em><\/p>\n\n\n\n<p><em>Die gesammelten Daten wahren Ihre Anonymit\u00e4t und werden nicht an Dritte weitergegeben oder f\u00fcr andere Zwecke verwendet.<\/em><\/p>\n","protected":false},"excerpt":{"rendered":"<p>Gem\u00e4\u00df der vom Europ\u00e4ischen Parlament am 14. April 2016 verabschiedeten Allgemeinen Datenschutzverordnung (General Data Protection Regulation) und dem ge\u00e4nderten franz\u00f6sischen Datenschutzgesetz (Loi Informatique et Libert\u00e9s) vom 6. Januar 1978 informieren wir Sie \u00fcber folgende Punkte&nbsp;: Identit\u00e4t des f\u00fcr die Verarbeitung Verantwortlichen Das Unternehmen A-KUBED ist f\u00fcr die Verarbeitung der auf dieser Website gesammelten Daten verantwortlich. [&hellip;]<\/p>\n","protected":false},"author":1,"featured_media":0,"parent":0,"menu_order":0,"comment_status":"closed","ping_status":"open","template":"page-text.php","meta":{"_acf_changed":false,"footnotes":""},"class_list":["post-489","page","type-page","status-publish","hentry"],"acf":[],"yoast_head":"<!-- This site is optimized with the Yoast SEO plugin v23.8 - https:\/\/yoast.com\/wordpress\/plugins\/seo\/ -->\n<title>Datenschutzrichtlinie - A-Kubed<\/title>\n<meta name=\"robots\" content=\"index, follow, max-snippet:-1, max-image-preview:large, max-video-preview:-1\" \/>\n<link rel=\"canonical\" href=\"https:\/\/a-kubed.com\/de\/privacy-policy\/\" \/>\n<meta property=\"og:locale\" content=\"de_DE\" \/>\n<meta property=\"og:type\" content=\"article\" \/>\n<meta property=\"og:title\" content=\"Datenschutzrichtlinie - A-Kubed\" \/>\n<meta property=\"og:description\" content=\"Gem\u00e4\u00df der vom Europ\u00e4ischen Parlament am 14. April 2016 verabschiedeten Allgemeinen Datenschutzverordnung (General Data Protection Regulation) und dem ge\u00e4nderten franz\u00f6sischen Datenschutzgesetz (Loi Informatique et Libert\u00e9s) vom 6. Januar 1978 informieren wir Sie \u00fcber folgende Punkte&nbsp;: Identit\u00e4t des f\u00fcr die Verarbeitung Verantwortlichen Das Unternehmen A-KUBED ist f\u00fcr die Verarbeitung der auf dieser Website gesammelten Daten verantwortlich. [&hellip;]\" \/>\n<meta property=\"og:url\" content=\"https:\/\/a-kubed.com\/de\/privacy-policy\/\" \/>\n<meta property=\"og:site_name\" content=\"A-Kubed\" \/>\n<meta property=\"article:modified_time\" content=\"2022-12-21T07:50:17+00:00\" \/>\n<meta name=\"twitter:card\" content=\"summary_large_image\" \/>\n<meta name=\"twitter:label1\" content=\"Gesch\u00e4tzte Lesezeit\" \/>\n\t<meta name=\"twitter:data1\" content=\"8\u00a0Minuten\" \/>\n<script type=\"application\/ld+json\" class=\"yoast-schema-graph\">{\"@context\":\"https:\/\/schema.org\",\"@graph\":[{\"@type\":\"WebPage\",\"@id\":\"https:\/\/a-kubed.com\/de\/privacy-policy\/\",\"url\":\"https:\/\/a-kubed.com\/de\/privacy-policy\/\",\"name\":\"Datenschutzrichtlinie - A-Kubed\",\"isPartOf\":{\"@id\":\"https:\/\/a-kubed.com\/de\/#website\"},\"datePublished\":\"2022-11-01T17:05:16+00:00\",\"dateModified\":\"2022-12-21T07:50:17+00:00\",\"breadcrumb\":{\"@id\":\"https:\/\/a-kubed.com\/de\/privacy-policy\/#breadcrumb\"},\"inLanguage\":\"de\",\"potentialAction\":[{\"@type\":\"ReadAction\",\"target\":[\"https:\/\/a-kubed.com\/de\/privacy-policy\/\"]}]},{\"@type\":\"BreadcrumbList\",\"@id\":\"https:\/\/a-kubed.com\/de\/privacy-policy\/#breadcrumb\",\"itemListElement\":[{\"@type\":\"ListItem\",\"position\":1,\"name\":\"Accueil\",\"item\":\"https:\/\/a-kubed.com\/de\/\"},{\"@type\":\"ListItem\",\"position\":2,\"name\":\"Datenschutzrichtlinie\"}]},{\"@type\":\"WebSite\",\"@id\":\"https:\/\/a-kubed.com\/de\/#website\",\"url\":\"https:\/\/a-kubed.com\/de\/\",\"name\":\"A-Kubed\",\"description\":\"\",\"potentialAction\":[{\"@type\":\"SearchAction\",\"target\":{\"@type\":\"EntryPoint\",\"urlTemplate\":\"https:\/\/a-kubed.com\/de\/?s={search_term_string}\"},\"query-input\":{\"@type\":\"PropertyValueSpecification\",\"valueRequired\":true,\"valueName\":\"search_term_string\"}}],\"inLanguage\":\"de\"}]}<\/script>\n<!-- \/ Yoast SEO plugin. -->","yoast_head_json":{"title":"Datenschutzrichtlinie - A-Kubed","robots":{"index":"index","follow":"follow","max-snippet":"max-snippet:-1","max-image-preview":"max-image-preview:large","max-video-preview":"max-video-preview:-1"},"canonical":"https:\/\/a-kubed.com\/de\/privacy-policy\/","og_locale":"de_DE","og_type":"article","og_title":"Datenschutzrichtlinie - A-Kubed","og_description":"Gem\u00e4\u00df der vom Europ\u00e4ischen Parlament am 14. April 2016 verabschiedeten Allgemeinen Datenschutzverordnung (General Data Protection Regulation) und dem ge\u00e4nderten franz\u00f6sischen Datenschutzgesetz (Loi Informatique et Libert\u00e9s) vom 6. Januar 1978 informieren wir Sie \u00fcber folgende Punkte&nbsp;: Identit\u00e4t des f\u00fcr die Verarbeitung Verantwortlichen Das Unternehmen A-KUBED ist f\u00fcr die Verarbeitung der auf dieser Website gesammelten Daten verantwortlich. [&hellip;]","og_url":"https:\/\/a-kubed.com\/de\/privacy-policy\/","og_site_name":"A-Kubed","article_modified_time":"2022-12-21T07:50:17+00:00","twitter_card":"summary_large_image","twitter_misc":{"Gesch\u00e4tzte Lesezeit":"8\u00a0Minuten"},"schema":{"@context":"https:\/\/schema.org","@graph":[{"@type":"WebPage","@id":"https:\/\/a-kubed.com\/de\/privacy-policy\/","url":"https:\/\/a-kubed.com\/de\/privacy-policy\/","name":"Datenschutzrichtlinie - A-Kubed","isPartOf":{"@id":"https:\/\/a-kubed.com\/de\/#website"},"datePublished":"2022-11-01T17:05:16+00:00","dateModified":"2022-12-21T07:50:17+00:00","breadcrumb":{"@id":"https:\/\/a-kubed.com\/de\/privacy-policy\/#breadcrumb"},"inLanguage":"de","potentialAction":[{"@type":"ReadAction","target":["https:\/\/a-kubed.com\/de\/privacy-policy\/"]}]},{"@type":"BreadcrumbList","@id":"https:\/\/a-kubed.com\/de\/privacy-policy\/#breadcrumb","itemListElement":[{"@type":"ListItem","position":1,"name":"Accueil","item":"https:\/\/a-kubed.com\/de\/"},{"@type":"ListItem","position":2,"name":"Datenschutzrichtlinie"}]},{"@type":"WebSite","@id":"https:\/\/a-kubed.com\/de\/#website","url":"https:\/\/a-kubed.com\/de\/","name":"A-Kubed","description":"","potentialAction":[{"@type":"SearchAction","target":{"@type":"EntryPoint","urlTemplate":"https:\/\/a-kubed.com\/de\/?s={search_term_string}"},"query-input":{"@type":"PropertyValueSpecification","valueRequired":true,"valueName":"search_term_string"}}],"inLanguage":"de"}]}},"_links":{"self":[{"href":"https:\/\/a-kubed.com\/de\/wp-json\/wp\/v2\/pages\/489","targetHints":{"allow":["GET"]}}],"collection":[{"href":"https:\/\/a-kubed.com\/de\/wp-json\/wp\/v2\/pages"}],"about":[{"href":"https:\/\/a-kubed.com\/de\/wp-json\/wp\/v2\/types\/page"}],"author":[{"embeddable":true,"href":"https:\/\/a-kubed.com\/de\/wp-json\/wp\/v2\/users\/1"}],"replies":[{"embeddable":true,"href":"https:\/\/a-kubed.com\/de\/wp-json\/wp\/v2\/comments?post=489"}],"version-history":[{"count":4,"href":"https:\/\/a-kubed.com\/de\/wp-json\/wp\/v2\/pages\/489\/revisions"}],"predecessor-version":[{"id":685,"href":"https:\/\/a-kubed.com\/de\/wp-json\/wp\/v2\/pages\/489\/revisions\/685"}],"wp:attachment":[{"href":"https:\/\/a-kubed.com\/de\/wp-json\/wp\/v2\/media?parent=489"}],"curies":[{"name":"wp","href":"https:\/\/api.w.org\/{rel}","templated":true}]}}