{"id":26,"date":"2022-11-01T22:27:08","date_gmt":"2022-11-01T21:27:08","guid":{"rendered":"https:\/\/a-kubed.com\/a-propos\/"},"modified":"2023-11-21T13:48:14","modified_gmt":"2023-11-21T12:48:14","slug":"uber-uns","status":"publish","type":"page","link":"https:\/\/a-kubed.com\/de\/uber-uns\/","title":{"rendered":"\u00dcber uns"},"content":{"rendered":"<section class=\"js--page-section page-section \" style=\"background-image: url(https:\/\/a-kubed.com\/wp-content\/uploads\/2022\/11\/team-background-hero-1500x1005.jpg);\">\n    <div class=\"hero-block\">\n        <h1 class=\"hero-block__title\">A-KUBED<\/h1>\n        <h4 class=\"hero-block__subtitle\">Eine globale und ethische Begleitung Ihrer Immobilienprojekte<\/h4>\n    <\/div>\n<\/section>\n\n\n<section  id=\"wer-sind-wir\"    class=\"page-apropos-section-equipe\" >\n    <div class=\"two-column\">\n        <div class=\"two-column__wrap\">\n            <div class=\"two-column__text-container\">\n                <h4 class=\"two-column__subtitle\">Team<\/h4>\n                <h2 class=\"two-column__title\">WER SIND WIR?<\/h2>\n                <div class=\"two-column__content\"><p>A-Kubed wurde von Alexandra Andres gegr\u00fcndet.<\/p>\n<p>Alexandra begann ihre Immobilient\u00e4tigkeit in den 90er Jahren in Deutschland, indem sie den Immobilienbestand ihrer Familie verwaltete und ausbaute. <\/p>\n<p>Danach gr\u00fcndete sie ihre erste Firma in K\u00f6ln, bevor sie zu einem Family Office in den VAE ging. Seit 2010 ist Alexandra wieder an der C\u00f4te d&#8217;Azur und hat f\u00fcr die renommiertesten Immobilienagenturen als Maklerin oder Agenturleiterin gearbeitet. <\/p>\n<p><strong>Im Jahr 2021 beschloss Alexandra, einen anderen Ansatz vorzuschlagen, der umfassender, qualitativer und vor allem ethischer sein sollte, f\u00fcr den sie sich nur mit einigen wenigen vertrauensw\u00fcrdigen Mitarbeitern umgibt. <\/strong><\/p>\n<p>Alexandra st\u00fctzt sich auf ein internes und\/oder externes Team, dessen Schl\u00fcsselwerte Kompetenz und Ethik sind und f\u00fchrt jedes Jahr etwa zehn Verm\u00f6gensprojekte durch, in die sie die gesamte Energie von A-Kubed investiert.<\/p>\n<p>Wir werden daher nur f\u00fcr einige wenige exklusive Kunden t\u00e4tig, in einem partnerschaftlichen Ansatz und im alleinigen Interesse dieser Kunden<\/p>\n<\/div>\n            <\/div>\n            <div class=\"two-column__image-container\">\n                <figure class=\"two-column__image-wrap\">\n                    <img decoding=\"async\"  class=\"two-column__image\" src=\"https:\/\/a-kubed.com\/wp-content\/uploads\/2022\/12\/Alexandra-Andres-2.png\" alt=\"\" \/>\n                    <figcaption class=\"two-column__image-caption\"><\/figcaption>\n                    <div class=\"two-column__image-overlay\">\n                        <svg xmlns=\"http:\/\/www.w3.org\/2000\/svg\"\n     width=\"813.621\" height=\"844.09\"\n     viewBox=\"0 0 813.621 844.09\"\n>\n    <path d=\"m813.435 568.208-.211 1.649-257.079 273.388-.078.357-382.46.488H.329L0 285.469a33.157 33.157 0 0 1 9.216-23.059L263.07 0s546.389.26 549.685.26c0 0 1.347 567.948.68 567.948z\" fill=\"currentColor\"\/>\n<\/svg>                    <\/div>\n                <\/figure>\n            <\/div>\n        <\/div>\n    <\/div>\n<\/section>\n\n\n\n<div class=\"wp-block-group\"><div class=\"wp-block-group__inner-container is-layout-constrained wp-block-group-is-layout-constrained\">\n<h2 class=\"wp-block-heading has-text-align-center\">Wir reden \u00fcber uns&#8230;<\/h2>\n\n\n\n<div class=\"wp-block-buttons is-content-justification-center is-layout-flex wp-container-core-buttons-is-layout-16018d1d wp-block-buttons-is-layout-flex\">\n<div class=\"wp-block-button\"><a class=\"wp-block-button__link has-background wp-element-button\" href=\"https:\/\/a-kubed.com\/wp-content\/uploads\/2023\/11\/FORBES-ETE-2023-ARTICLE-A-KUBED.pdf\" style=\"border-radius:0px;background-color:#00b398\" target=\"_blank\" rel=\"noreferrer noopener\">&#8222;FORBES&#8220; Nr. 23 \u2013 Sommer 2023<\/a><\/div>\n\n\n\n<div class=\"wp-block-button\"><a class=\"wp-block-button__link has-background wp-element-button\" href=\"https:\/\/a-kubed.com\/wp-content\/uploads\/2023\/11\/RAK-TODAY-MARS-2009-ARTICLE-AA.pdf\" style=\"border-radius:0px;background-color:#00b398\" target=\"_blank\" rel=\"noreferrer noopener\">&#8222;Ras Al Khaimah TODAY&#8220; M\u00e4rz 2009<\/a><\/div>\n<\/div>\n\n\n\n<div style=\"height:5rem\" aria-hidden=\"true\" class=\"wp-block-spacer\"><\/div>\n<\/div><\/div>\n\n\n<section  id=\"kompetenzen\"    class=\"page-apropos-section-approche\" >\n    <div class=\"two-column\">\n        <div class=\"two-column__wrap\">\n            <div class=\"two-column__text-container\">\n                <h4 class=\"two-column__subtitle\">KOMPETENZEN<\/h4>\n                <h2 class=\"two-column__title\">EIN PROJEKT, <br \/>\r\nEIN TEAM, <br \/>\r\nKOMPETENZEN<br \/>\r\n<\/h2>\n                <div class=\"two-column__content\"><p>W\u00e4hrend die Projektsteuerung und -leitung intern verwaltet wird, stellt A-Kubed je nach Art des jeweiligen Projekts, seiner Dauer und seines Budgets ein Expertenteam zusammen.<\/p>\n<p>W\u00e4hrend f\u00fcr den Kauf oder die Ver\u00e4u\u00dferung einer Immobilie lediglich Juristen, Notare oder Finanzpartner ben\u00f6tigt werden, sind f\u00fcr eventuell anschliessende Renovierungen, Sanierungen oder Baumassnahmen unter anderen Architekten, Innenarchitekten sowie Baufirmen erforderlich.<\/p>\n<p><strong>Unsere Kunden w\u00e4hlen in v\u00f6lliger Transparenz die Dienstleister aus, denen sie vertrauen und deren Kompetenz A-Kubed garantieren kann, von ber\u00fchmten Signaturen bis hin zu agilen Bautrupps.<\/strong><\/p>\n<\/div>\n            <\/div>\n            <div class=\"two-column__image-container\">\n                <figure class=\"two-column__image-wrap\">\n                    <img decoding=\"async\"  class=\"two-column__image\" src=\"https:\/\/a-kubed.com\/wp-content\/uploads\/2022\/11\/image-approche.jpg\" alt=\"diamant en noir et blanc \" \/>\n                    <figcaption class=\"two-column__image-caption\"><\/figcaption>\n                    <div class=\"two-column__image-overlay\">\n                        <svg xmlns=\"http:\/\/www.w3.org\/2000\/svg\"\n     width=\"813.621\" height=\"844.09\"\n     viewBox=\"0 0 813.621 844.09\"\n>\n    <path d=\"m813.435 568.208-.211 1.649-257.079 273.388-.078.357-382.46.488H.329L0 285.469a33.157 33.157 0 0 1 9.216-23.059L263.07 0s546.389.26 549.685.26c0 0 1.347 567.948.68 567.948z\" fill=\"currentColor\"\/>\n<\/svg>                    <\/div>\n                <\/figure>\n            <\/div>\n        <\/div>\n    <\/div>\n<\/section>\n\n\n\n<section  id=\"ethik\" >\n    <div class=\"ethics\">\n        <div class=\"ethics__wrap\">\n            <div class=\"ethics__content-wrap\">\n                <h4 class=\"ethics__subtitle\">ETHIK<\/h4>\n                <h2 class=\"ethics__title\">ETHIK: TEILEN WIR\/SIE UNSERE CHARTA<\/h2>\n                <div class=\"ethics__content\">\n                    <p>In der heutigen Gesch\u00e4ftswelt im Allgemeinen und im Immobiliensektor an der C\u00f4te d&#8217;Azur im Besonderen erscheint es uns wichtig, unsere Werte und Verpflichtungen sowie unsere Erwartungen gegen\u00fcber unseren Kunden zu verdeutlichen. <\/p>\n<p>Transparenz, Einhaltung strenger ethischer Grunds\u00e4tze, langfristige Visionen, Respekt f\u00fcr die Interessen unserer Kunden und gegenseitige Loyalit\u00e4t sind nur einige der Schl\u00fcsselbegriffe, die unser Handeln bestimmen.<\/p>\n<p>Laden Sie unsere Charta herunter und best\u00e4tigen Sie uns, dass wir die gleichen Werte teilen.<\/p>\n\n                <\/div>\n            <\/div>\n            <div class=\"ethics__image-container\">\n                <figure class=\"ethics__image-wrap\">\n                    <img decoding=\"async\" class=\"ethics__image\" src=\"https:\/\/a-kubed.com\/wp-content\/uploads\/2022\/11\/image-ethique.jpg\" alt=\"plafond en noir et blanc\" \/>\n                    <a href=\"https:\/\/a-kubed.com\/wp-content\/uploads\/2022\/12\/chartes-a-kubed-de.pdf\" target=\"_blank\" class=\"ethics__image-caption\">A-KUBED ETHICS VALUE<\/a>\n                <\/figure>\n            <\/div>\n            <div class=\"ethics__quote\">\n                <div class=\"ethics__quote-text\">&laquo; Immobilien sind unsere Leidenschaft, ethische Grunds\u00e4tze unsere DNA &raquo;<\/div>\n                <div class=\"ethics__quote-author\">Alexandra ANDRES, Gr\u00fcnderin<\/div>\n            <\/div>\n        <\/div>\n    <\/div>\n<\/section>\n\n\n<section >\n    <div class=\"image-block\">\n        <div class=\"image-block__wrap\">\n            <img decoding=\"async\"  class=\"image-block__image\" src=\"https:\/\/a-kubed.com\/wp-content\/uploads\/2022\/11\/apropos-image-seperatateur-1500x657.jpg\" alt=\"canap\u00e9 vert moderne et chaleureux\" \/>\n            <div class=\"image-block__overlay\">\n                <svg xmlns=\"http:\/\/www.w3.org\/2000\/svg\"\n     width=\"813.621\" height=\"844.09\"\n     viewBox=\"0 0 813.621 844.09\"\n>\n    <path d=\"m813.435 568.208-.211 1.649-257.079 273.388-.078.357-382.46.488H.329L0 285.469a33.157 33.157 0 0 1 9.216-23.059L263.07 0s546.389.26 549.685.26c0 0 1.347 567.948.68 567.948z\" fill=\"currentColor\"\/>\n<\/svg>            <\/div>\n        <\/div>\n    <\/div>\n<\/section>\n\n\n<section >\n    <div class=\"section-links\">\n        <div class=\"section-links__wrapper\">\n            <div class=\"section-links__items\">\n                            <a class=\"section-links__link section-links__link--1\" href=\"https:\/\/a-kubed.com\/de\/expertise\/#estate\"  style=\"background-image: url(https:\/\/a-kubed.com\/wp-content\/uploads\/2022\/11\/akubed-lien-estate.jpg);\" >\n                    <span class=\"section-links__link-subtitle\">A-Kubed<\/span>\n                    <span class=\"section-links__link-title\">Estate<\/span>\n\n                    <svg class=\"section-links__link-overlay\" xmlns=\"http:\/\/www.w3.org\/2000\/svg\" width=\"225.06\" height=\"218.551\" viewBox=\"0 0 225.06 218.551\">\n                        <path d=\"M319.673,213.627l-.058.427L248.5,284.839l-.022.093H97.2l-2.443.126L94.665,140.42a8.3,8.3,0,0,1,2.549-5.97l70.22-67.943,152.051.067S319.858,213.627,319.673,213.627Z\" transform=\"translate(-94.665 -66.507)\" fill=\"currentColor\"\/>\n                    <\/svg>\n                <\/a>\n                            <a class=\"section-links__link section-links__link--2\" href=\"https:\/\/a-kubed.com\/de\/expertise\/#strategy\"  style=\"background-image: url(https:\/\/a-kubed.com\/wp-content\/uploads\/2022\/11\/akubed-lien-strategy.jpg);\" >\n                    <span class=\"section-links__link-subtitle\">A-Kubed<\/span>\n                    <span class=\"section-links__link-title\">Strategy<\/span>\n\n                    <svg class=\"section-links__link-overlay\" xmlns=\"http:\/\/www.w3.org\/2000\/svg\" width=\"225.06\" height=\"218.551\" viewBox=\"0 0 225.06 218.551\">\n                        <path d=\"M319.673,213.627l-.058.427L248.5,284.839l-.022.093H97.2l-2.443.126L94.665,140.42a8.3,8.3,0,0,1,2.549-5.97l70.22-67.943,152.051.067S319.858,213.627,319.673,213.627Z\" transform=\"translate(-94.665 -66.507)\" fill=\"currentColor\"\/>\n                    <\/svg>\n                <\/a>\n                            <a class=\"section-links__link section-links__link--3\" href=\"https:\/\/a-kubed.com\/de\/expertise\/#consultancy\"  style=\"background-image: url(https:\/\/a-kubed.com\/wp-content\/uploads\/2022\/11\/akubed-lien-consultancy.jpg);\" >\n                    <span class=\"section-links__link-subtitle\">A-Kubed<\/span>\n                    <span class=\"section-links__link-title\">Consultancy<\/span>\n\n                    <svg class=\"section-links__link-overlay\" xmlns=\"http:\/\/www.w3.org\/2000\/svg\" width=\"225.06\" height=\"218.551\" viewBox=\"0 0 225.06 218.551\">\n                        <path d=\"M319.673,213.627l-.058.427L248.5,284.839l-.022.093H97.2l-2.443.126L94.665,140.42a8.3,8.3,0,0,1,2.549-5.97l70.22-67.943,152.051.067S319.858,213.627,319.673,213.627Z\" transform=\"translate(-94.665 -66.507)\" fill=\"currentColor\"\/>\n                    <\/svg>\n                <\/a>\n                        <\/div>\n        <\/div>\n    <\/div>\n<\/section>\n","protected":false},"excerpt":{"rendered":"<p>Wir reden \u00fcber uns&#8230;<\/p>\n","protected":false},"author":1,"featured_media":0,"parent":0,"menu_order":0,"comment_status":"closed","ping_status":"closed","template":"","meta":{"_acf_changed":false,"footnotes":""},"class_list":["post-26","page","type-page","status-publish","hentry"],"acf":[],"yoast_head":"<!-- This site is optimized with the Yoast SEO plugin v23.8 - https:\/\/yoast.com\/wordpress\/plugins\/seo\/ -->\n<title>A-KUBED, nos valeurs et notre \u00e9thique<\/title>\n<meta name=\"description\" content=\"Nous sommes une \u00e9quipe d\u2019experts passionn\u00e9s par le d\u00e9veloppement et la gestion devotre patrimoine immobilier.\" \/>\n<meta name=\"robots\" content=\"index, follow, max-snippet:-1, max-image-preview:large, max-video-preview:-1\" \/>\n<link rel=\"canonical\" href=\"https:\/\/a-kubed.com\/de\/uber-uns\/\" \/>\n<meta property=\"og:locale\" content=\"de_DE\" \/>\n<meta property=\"og:type\" content=\"article\" \/>\n<meta property=\"og:title\" content=\"A-KUBED, nos valeurs et notre \u00e9thique\" \/>\n<meta property=\"og:description\" content=\"Nous sommes une \u00e9quipe d\u2019experts passionn\u00e9s par le d\u00e9veloppement et la gestion devotre patrimoine immobilier.\" \/>\n<meta property=\"og:url\" content=\"https:\/\/a-kubed.com\/de\/uber-uns\/\" \/>\n<meta property=\"og:site_name\" content=\"A-Kubed\" \/>\n<meta property=\"article:modified_time\" content=\"2023-11-21T12:48:14+00:00\" \/>\n<meta name=\"twitter:card\" content=\"summary_large_image\" \/>\n<script type=\"application\/ld+json\" class=\"yoast-schema-graph\">{\"@context\":\"https:\/\/schema.org\",\"@graph\":[{\"@type\":\"WebPage\",\"@id\":\"https:\/\/a-kubed.com\/de\/uber-uns\/\",\"url\":\"https:\/\/a-kubed.com\/de\/uber-uns\/\",\"name\":\"A-KUBED, nos valeurs et notre \u00e9thique\",\"isPartOf\":{\"@id\":\"https:\/\/a-kubed.com\/de\/#website\"},\"datePublished\":\"2022-11-01T21:27:08+00:00\",\"dateModified\":\"2023-11-21T12:48:14+00:00\",\"description\":\"Nous sommes une \u00e9quipe d\u2019experts passionn\u00e9s par le d\u00e9veloppement et la gestion devotre patrimoine immobilier.\",\"breadcrumb\":{\"@id\":\"https:\/\/a-kubed.com\/de\/uber-uns\/#breadcrumb\"},\"inLanguage\":\"de\",\"potentialAction\":[{\"@type\":\"ReadAction\",\"target\":[\"https:\/\/a-kubed.com\/de\/uber-uns\/\"]}]},{\"@type\":\"BreadcrumbList\",\"@id\":\"https:\/\/a-kubed.com\/de\/uber-uns\/#breadcrumb\",\"itemListElement\":[{\"@type\":\"ListItem\",\"position\":1,\"name\":\"Accueil\",\"item\":\"https:\/\/a-kubed.com\/de\/\"},{\"@type\":\"ListItem\",\"position\":2,\"name\":\"\u00dcber uns\"}]},{\"@type\":\"WebSite\",\"@id\":\"https:\/\/a-kubed.com\/de\/#website\",\"url\":\"https:\/\/a-kubed.com\/de\/\",\"name\":\"A-Kubed\",\"description\":\"\",\"potentialAction\":[{\"@type\":\"SearchAction\",\"target\":{\"@type\":\"EntryPoint\",\"urlTemplate\":\"https:\/\/a-kubed.com\/de\/?s={search_term_string}\"},\"query-input\":{\"@type\":\"PropertyValueSpecification\",\"valueRequired\":true,\"valueName\":\"search_term_string\"}}],\"inLanguage\":\"de\"}]}<\/script>\n<!-- \/ Yoast SEO plugin. -->","yoast_head_json":{"title":"A-KUBED, nos valeurs et notre \u00e9thique","description":"Nous sommes une \u00e9quipe d\u2019experts passionn\u00e9s par le d\u00e9veloppement et la gestion devotre patrimoine immobilier.","robots":{"index":"index","follow":"follow","max-snippet":"max-snippet:-1","max-image-preview":"max-image-preview:large","max-video-preview":"max-video-preview:-1"},"canonical":"https:\/\/a-kubed.com\/de\/uber-uns\/","og_locale":"de_DE","og_type":"article","og_title":"A-KUBED, nos valeurs et notre \u00e9thique","og_description":"Nous sommes une \u00e9quipe d\u2019experts passionn\u00e9s par le d\u00e9veloppement et la gestion devotre patrimoine immobilier.","og_url":"https:\/\/a-kubed.com\/de\/uber-uns\/","og_site_name":"A-Kubed","article_modified_time":"2023-11-21T12:48:14+00:00","twitter_card":"summary_large_image","schema":{"@context":"https:\/\/schema.org","@graph":[{"@type":"WebPage","@id":"https:\/\/a-kubed.com\/de\/uber-uns\/","url":"https:\/\/a-kubed.com\/de\/uber-uns\/","name":"A-KUBED, nos valeurs et notre \u00e9thique","isPartOf":{"@id":"https:\/\/a-kubed.com\/de\/#website"},"datePublished":"2022-11-01T21:27:08+00:00","dateModified":"2023-11-21T12:48:14+00:00","description":"Nous sommes une \u00e9quipe d\u2019experts passionn\u00e9s par le d\u00e9veloppement et la gestion devotre patrimoine immobilier.","breadcrumb":{"@id":"https:\/\/a-kubed.com\/de\/uber-uns\/#breadcrumb"},"inLanguage":"de","potentialAction":[{"@type":"ReadAction","target":["https:\/\/a-kubed.com\/de\/uber-uns\/"]}]},{"@type":"BreadcrumbList","@id":"https:\/\/a-kubed.com\/de\/uber-uns\/#breadcrumb","itemListElement":[{"@type":"ListItem","position":1,"name":"Accueil","item":"https:\/\/a-kubed.com\/de\/"},{"@type":"ListItem","position":2,"name":"\u00dcber uns"}]},{"@type":"WebSite","@id":"https:\/\/a-kubed.com\/de\/#website","url":"https:\/\/a-kubed.com\/de\/","name":"A-Kubed","description":"","potentialAction":[{"@type":"SearchAction","target":{"@type":"EntryPoint","urlTemplate":"https:\/\/a-kubed.com\/de\/?s={search_term_string}"},"query-input":{"@type":"PropertyValueSpecification","valueRequired":true,"valueName":"search_term_string"}}],"inLanguage":"de"}]}},"_links":{"self":[{"href":"https:\/\/a-kubed.com\/de\/wp-json\/wp\/v2\/pages\/26","targetHints":{"allow":["GET"]}}],"collection":[{"href":"https:\/\/a-kubed.com\/de\/wp-json\/wp\/v2\/pages"}],"about":[{"href":"https:\/\/a-kubed.com\/de\/wp-json\/wp\/v2\/types\/page"}],"author":[{"embeddable":true,"href":"https:\/\/a-kubed.com\/de\/wp-json\/wp\/v2\/users\/1"}],"replies":[{"embeddable":true,"href":"https:\/\/a-kubed.com\/de\/wp-json\/wp\/v2\/comments?post=26"}],"version-history":[{"count":5,"href":"https:\/\/a-kubed.com\/de\/wp-json\/wp\/v2\/pages\/26\/revisions"}],"predecessor-version":[{"id":748,"href":"https:\/\/a-kubed.com\/de\/wp-json\/wp\/v2\/pages\/26\/revisions\/748"}],"wp:attachment":[{"href":"https:\/\/a-kubed.com\/de\/wp-json\/wp\/v2\/media?parent=26"}],"curies":[{"name":"wp","href":"https:\/\/api.w.org\/{rel}","templated":true}]}}