{"id":23,"date":"2022-11-01T22:27:35","date_gmt":"2022-11-01T21:27:35","guid":{"rendered":"https:\/\/a-kubed.com\/notre-expertise\/"},"modified":"2022-12-19T20:52:33","modified_gmt":"2022-12-19T19:52:33","slug":"expertise","status":"publish","type":"page","link":"https:\/\/a-kubed.com\/de\/expertise\/","title":{"rendered":"Unsere Expertise"},"content":{"rendered":"<section class=\"js--page-section page-section \" style=\"background-image: url(https:\/\/a-kubed.com\/wp-content\/uploads\/2022\/11\/hero-notre-expertise-1500x1005.jpg);\">\n    <div class=\"hero-block\">\n        <h1 class=\"hero-block__title\">A-KUBED<\/h1>\n        <h4 class=\"hero-block__subtitle\">Eine globale und ethische Begleitung Ihrer Immobilienprojekte<\/h4>\n    <\/div>\n<\/section>\n\n\n<section  id=\"was-tun-wir\"    class=\"expertise-page-section-que-faisons-nous\" >\n    <div class=\"two-column\">\n        <div class=\"two-column__wrap\">\n            <div class=\"two-column__text-container\">\n                <h4 class=\"two-column__subtitle\">A-KUBED<\/h4>\n                <h2 class=\"two-column__title\">WAS TUN WIR?<\/h2>\n                <div class=\"two-column__content\"><h5>Begleitung Ihrer Projekte und<br \/>\nIhres Immobilienverm\u00f6gens.<\/h5>\n<p>A-Kubed ist seit 30 Jahren auf dem internationalen Immobilienmarkt und durch seine Gr\u00fcnderin insbesondere an der C\u00f4te d&#8217;Azur t\u00e4tig und bietet Ihnen seine unabh\u00e4ngige Expertise in den Bereichen:<\/p>\n<ul>\n<li>Suche und Akquisition,<\/li>\n<li>Verm\u00f6gens- und Steueroptimierung,<\/li>\n<li>Optimierung der Immobilie,<\/li>\n<li>Leitung, Begleitung oder Nachverfolgung von Projekten,<\/li>\n<li>Verwaltung,<\/li>\n<li>Wiederverkauf.<\/li>\n<\/ul>\n<p>Wir haben Zugang zum gesamten Immobilienmarkt und stellen unseren Kunden unser Netzwerk und unser Know-how zur Verf\u00fcgung. Wir fungieren als Schnittstelle zwischen ihnen und der Vielzahl von Dienstleistern, die f\u00fcr den Kauf, die Optimierung und die Verwaltung einer Immobilie erforderlich sind.<\/p>\n<p>Auf Wunsch seiner Kunden \u00fcbernimmt A-Kubed auch die Projekt\u00fcberwachung, um durch eine rigorose Pr\u00e4senz vor Ort die Einhaltung der Fertigstellungstermine, der Qualit\u00e4t der Fertigstellung und des Budgets zu gew\u00e4hrleisten.<\/p>\n<\/div>\n            <\/div>\n            <div class=\"two-column__image-container\">\n                <figure class=\"two-column__image-wrap\">\n                    <img decoding=\"async\"  class=\"two-column__image\" src=\"https:\/\/a-kubed.com\/wp-content\/uploads\/2022\/11\/image-que-faisons-nous.jpg\" alt=\"esquisse d'une maison moderne\" \/>\n                    <figcaption class=\"two-column__image-caption\"><\/figcaption>\n                    <div class=\"two-column__image-overlay\">\n                        <svg xmlns=\"http:\/\/www.w3.org\/2000\/svg\"\n     width=\"813.621\" height=\"844.09\"\n     viewBox=\"0 0 813.621 844.09\"\n>\n    <path d=\"m813.435 568.208-.211 1.649-257.079 273.388-.078.357-382.46.488H.329L0 285.469a33.157 33.157 0 0 1 9.216-23.059L263.07 0s546.389.26 549.685.26c0 0 1.347 567.948.68 567.948z\" fill=\"currentColor\"\/>\n<\/svg>                    <\/div>\n                <\/figure>\n            <\/div>\n        <\/div>\n    <\/div>\n<\/section>\n\n\n<section  id=\"estate\"    class=\"expertise-page-section-estate\" >\n    <div class=\"two-column\">\n        <div class=\"two-column__wrap\">\n            <div class=\"two-column__text-container\">\n                <h4 class=\"two-column__subtitle\">A-KUBED<\/h4>\n                <h2 class=\"two-column__title\">Estate<\/h2>\n                <div class=\"two-column__content\"><h5>Eine Geisteshaltung,<br \/>\neine Leidenschaft f\u00fcr sch\u00f6ne<br \/>\nDinge und gut gemachte Dinge<\/h5>\n<p>Ausgehend von der Analyse der Bed\u00fcrfnisse (oder W\u00fcnsche!) und vom Auswahlprozess \u00fcber den Kauf, die Renovierung, die Optimierung oder Aufwertung bis hin zum Wiederverkauf erarbeiten wir gezielte und individuelle L\u00f6sungen, die auf einem tiefgreifenden Verst\u00e4ndnis aller Anliegen unserer Kunden basieren.<br \/>\nZu diesem Zweck arbeiten wir haupts\u00e4chlich auf der Grundlage eines Mandats zur Immobiliensuche (oder zur Unterst\u00fctzung der Bauleitung bei Renovierungsprojekten), was uns einen effektiven Zugang zu allen Immobilien oder Marktteilnehmern erm\u00f6glicht und gleichzeitig eine gr\u00f6\u00dfere Transparenz und Objektivit\u00e4t garantiert, ohne dass dem Kunden im Vergleich zu herk\u00f6mmlichen Agenturen zus\u00e4tzliche Kosten entstehen.<\/p>\n<\/div>\n            <\/div>\n            <div class=\"two-column__image-container\">\n                <figure class=\"two-column__image-wrap\">\n                    <img decoding=\"async\"  class=\"two-column__image\" src=\"https:\/\/a-kubed.com\/wp-content\/uploads\/2022\/11\/image-estate.jpg\" alt=\"salon lumineux et moderne\" \/>\n                    <figcaption class=\"two-column__image-caption\"><\/figcaption>\n                    <div class=\"two-column__image-overlay\">\n                        <svg xmlns=\"http:\/\/www.w3.org\/2000\/svg\"\n     width=\"813.621\" height=\"844.09\"\n     viewBox=\"0 0 813.621 844.09\"\n>\n    <path d=\"m813.435 568.208-.211 1.649-257.079 273.388-.078.357-382.46.488H.329L0 285.469a33.157 33.157 0 0 1 9.216-23.059L263.07 0s546.389.26 549.685.26c0 0 1.347 567.948.68 567.948z\" fill=\"currentColor\"\/>\n<\/svg>                    <\/div>\n                <\/figure>\n            <\/div>\n        <\/div>\n    <\/div>\n<\/section>\n\n\n<section  id=\"strategy\"    class=\"expertise-page-section-strategy\" >\n    <div class=\"two-column\">\n        <div class=\"two-column__wrap\">\n            <div class=\"two-column__text-container\">\n                <h4 class=\"two-column__subtitle\">A-KUBED<\/h4>\n                <h2 class=\"two-column__title\">Strategy<\/h2>\n                <div class=\"two-column__content\"><h5>EINE VISION UND DIE F\u00c4HIGKEIT, ZU VISUALISIEREN,<br \/>\nIHR VERM\u00d6GEN ZU OPTIMIEREN UND AUFZUWERTEN<\/h5>\n<p>Der Erwerb einer Immobilie kann sowohl aus einem Bed\u00fcrfnis als auch aus einem Wunsch heraus erfolgen. In jedem Fall muss die Wahl auf einer Vision und einer strategischen Analyse des besten Kontexts und der f\u00fcr den K\u00e4ufer zu w\u00e4hlenden Vorgehensweise beruhen.<\/p>\n<p>Auf der Grundlage unserer umfassenden Marktkenntnisse und unserer F\u00e4higkeit, das volle Potenzial einer Immobilie zu visualisieren und auszusch\u00f6pfen, stellen wir sicher, dass der K\u00e4ufer seine kurz-, mittel- oder langfristigen Ziele in \u00dcbereinstimmung mit seiner pers\u00f6nlichen oder beruflichen Strategie erreicht.<\/p>\n<p>Wir teilen die Erwartungen unserer Kunden und unsere Erfahrung, um gemeinsam die beste Strategie zu finden.<\/p>\n<\/div>\n            <\/div>\n            <div class=\"two-column__image-container\">\n                <figure class=\"two-column__image-wrap\">\n                    <img decoding=\"async\"  class=\"two-column__image\" src=\"https:\/\/a-kubed.com\/wp-content\/uploads\/2022\/12\/image-strategy-en-1.jpg\" alt=\"\" \/>\n                    <figcaption class=\"two-column__image-caption\">A-Kubed bietet Ihnen nicht <br \/>\n&quot;was wir haben&quot;, <br \/>\nsondern nur <br \/>\n&quot;was Sie wollen&quot;.<\/figcaption>\n                    <div class=\"two-column__image-overlay\">\n                        <svg xmlns=\"http:\/\/www.w3.org\/2000\/svg\"\n     width=\"813.621\" height=\"844.09\"\n     viewBox=\"0 0 813.621 844.09\"\n>\n    <path d=\"m813.435 568.208-.211 1.649-257.079 273.388-.078.357-382.46.488H.329L0 285.469a33.157 33.157 0 0 1 9.216-23.059L263.07 0s546.389.26 549.685.26c0 0 1.347 567.948.68 567.948z\" fill=\"currentColor\"\/>\n<\/svg>                    <\/div>\n                <\/figure>\n            <\/div>\n        <\/div>\n    <\/div>\n<\/section>\n\n\n<section  id=\"consultancy\"    class=\"expertise-page-section-consultancy\" >\n    <div class=\"two-column\">\n        <div class=\"two-column__wrap\">\n            <div class=\"two-column__text-container\">\n                <h4 class=\"two-column__subtitle\">A-KUBED<\/h4>\n                <h2 class=\"two-column__title\">Consultancy<\/h2>\n                <div class=\"two-column__content\"><h5>Eine objektive, ethische und<br \/>\nunparteiische Vorgehensweise, die ausschlie\u00dflich<br \/>\nauf den Kunden ausgerichtet ist.<\/h5>\n<p>Der Immobilienmarkt im Allgemeinen und die C\u00f4te d&#8217;Azur im Besonderen sind eine wunderbare und spannende Welt &#8230; die jedoch nicht frei von Besonderheiten ist und wo die Vielzahl der Akteure den Prozess komplex macht.<\/p>\n<p>Dank seiner langj\u00e4hrigen Erfahrung und der umfassenden Kenntnis der Marktteilnehmer vereinfacht und kl\u00e4rt A-Kubed die Prozesse, indem es strenge ethische Regeln anwendet, die mit seinen <a href=\"https:\/\/a-kubed.com\/wp-content\/uploads\/2022\/12\/chartes-a-kubed-fr.pdf\" rel=\"noopener\" target=\"_blank\">ethischen Werten \u00fcbereinstimmen<\/a>.<\/p>\n<p>Unsere Intervention im Vorfeld oder w\u00e4hrend der Projekte unserer Kunden &#8211; f\u00fcr eine Stellungnahme, ein Wertgutachten oder jede andere Beratung oder Dienstleistung &#8211; st\u00fctzt sich auf eine Unparteilichkeit und Transparenz, die uns unsere Unabh\u00e4ngigkeit erm\u00f6glicht.<\/p>\n<\/div>\n            <\/div>\n            <div class=\"two-column__image-container\">\n                <figure class=\"two-column__image-wrap\">\n                    <img decoding=\"async\"  class=\"two-column__image\" src=\"https:\/\/a-kubed.com\/wp-content\/uploads\/2022\/11\/image-consultancy.jpg\" alt=\"majordome en noir et blanc\" \/>\n                    <figcaption class=\"two-column__image-caption\"><\/figcaption>\n                    <div class=\"two-column__image-overlay\">\n                        <svg xmlns=\"http:\/\/www.w3.org\/2000\/svg\"\n     width=\"813.621\" height=\"844.09\"\n     viewBox=\"0 0 813.621 844.09\"\n>\n    <path d=\"m813.435 568.208-.211 1.649-257.079 273.388-.078.357-382.46.488H.329L0 285.469a33.157 33.157 0 0 1 9.216-23.059L263.07 0s546.389.26 549.685.26c0 0 1.347 567.948.68 567.948z\" fill=\"currentColor\"\/>\n<\/svg>                    <\/div>\n                <\/figure>\n            <\/div>\n        <\/div>\n    <\/div>\n<\/section>\n\n\n\n<section\n    class=\"js--page-section page-section\"\n    style=\"background-image: url(https:\/\/a-kubed.com\/wp-content\/uploads\/2022\/11\/ethics-value-background-1500x1005.jpg);\"\n     id=\"ethik\"  >\n    <div class=\"ethics-value\">\n        <div class=\"ethics-value__content\">\n            <p>Unsere ethischen Grunds\u00e4tze und<br \/>\ndie Qualit\u00e4t unserer Beratung und Dienstleistungen<br \/>\nsind einzig und allein darauf ausgerichtet,<br \/>\ndas Interesse unserer Kunden zu sichern. <\/p>\n<p>Ihre Treue ist unsere beste Belohnung.<\/p>\n\n        <\/div>\n        <a href=\"https:\/\/a-kubed.com\/wp-content\/uploads\/2022\/12\/chartes-a-kubed-de.pdf\" target=\"_blank\" class=\"ethics-value__caption\">\n            A-KUBED ETHIK\n        <\/a>\n    <\/div>\n<\/section>\n","protected":false},"excerpt":{"rendered":"","protected":false},"author":1,"featured_media":0,"parent":0,"menu_order":0,"comment_status":"closed","ping_status":"closed","template":"","meta":{"_acf_changed":false,"footnotes":""},"class_list":["post-23","page","type-page","status-publish","hentry"],"acf":[],"yoast_head":"<!-- This site is optimized with the Yoast SEO plugin v23.8 - https:\/\/yoast.com\/wordpress\/plugins\/seo\/ -->\n<title>A-KUBED, votre expert dans la gestion de vos projets immobiliers<\/title>\n<meta name=\"description\" content=\"Nous vous apportons nos meilleurs conseils, analysons vos besoins pour valoriservotre patrimoine immobilier.\" \/>\n<meta name=\"robots\" content=\"index, follow, max-snippet:-1, max-image-preview:large, max-video-preview:-1\" \/>\n<link rel=\"canonical\" href=\"https:\/\/a-kubed.com\/de\/expertise\/\" \/>\n<meta property=\"og:locale\" content=\"de_DE\" \/>\n<meta property=\"og:type\" content=\"article\" \/>\n<meta property=\"og:title\" content=\"A-KUBED, votre expert dans la gestion de vos projets immobiliers\" \/>\n<meta property=\"og:description\" content=\"Nous vous apportons nos meilleurs conseils, analysons vos besoins pour valoriservotre patrimoine immobilier.\" \/>\n<meta property=\"og:url\" content=\"https:\/\/a-kubed.com\/de\/expertise\/\" \/>\n<meta property=\"og:site_name\" content=\"A-Kubed\" \/>\n<meta property=\"article:modified_time\" content=\"2022-12-19T19:52:33+00:00\" \/>\n<meta name=\"twitter:card\" content=\"summary_large_image\" \/>\n<script type=\"application\/ld+json\" class=\"yoast-schema-graph\">{\"@context\":\"https:\/\/schema.org\",\"@graph\":[{\"@type\":\"WebPage\",\"@id\":\"https:\/\/a-kubed.com\/de\/expertise\/\",\"url\":\"https:\/\/a-kubed.com\/de\/expertise\/\",\"name\":\"A-KUBED, votre expert dans la gestion de vos projets immobiliers\",\"isPartOf\":{\"@id\":\"https:\/\/a-kubed.com\/de\/#website\"},\"datePublished\":\"2022-11-01T21:27:35+00:00\",\"dateModified\":\"2022-12-19T19:52:33+00:00\",\"description\":\"Nous vous apportons nos meilleurs conseils, analysons vos besoins pour valoriservotre patrimoine immobilier.\",\"breadcrumb\":{\"@id\":\"https:\/\/a-kubed.com\/de\/expertise\/#breadcrumb\"},\"inLanguage\":\"de\",\"potentialAction\":[{\"@type\":\"ReadAction\",\"target\":[\"https:\/\/a-kubed.com\/de\/expertise\/\"]}]},{\"@type\":\"BreadcrumbList\",\"@id\":\"https:\/\/a-kubed.com\/de\/expertise\/#breadcrumb\",\"itemListElement\":[{\"@type\":\"ListItem\",\"position\":1,\"name\":\"Accueil\",\"item\":\"https:\/\/a-kubed.com\/de\/\"},{\"@type\":\"ListItem\",\"position\":2,\"name\":\"Unsere Expertise\"}]},{\"@type\":\"WebSite\",\"@id\":\"https:\/\/a-kubed.com\/de\/#website\",\"url\":\"https:\/\/a-kubed.com\/de\/\",\"name\":\"A-Kubed\",\"description\":\"\",\"potentialAction\":[{\"@type\":\"SearchAction\",\"target\":{\"@type\":\"EntryPoint\",\"urlTemplate\":\"https:\/\/a-kubed.com\/de\/?s={search_term_string}\"},\"query-input\":{\"@type\":\"PropertyValueSpecification\",\"valueRequired\":true,\"valueName\":\"search_term_string\"}}],\"inLanguage\":\"de\"}]}<\/script>\n<!-- \/ Yoast SEO plugin. -->","yoast_head_json":{"title":"A-KUBED, votre expert dans la gestion de vos projets immobiliers","description":"Nous vous apportons nos meilleurs conseils, analysons vos besoins pour valoriservotre patrimoine immobilier.","robots":{"index":"index","follow":"follow","max-snippet":"max-snippet:-1","max-image-preview":"max-image-preview:large","max-video-preview":"max-video-preview:-1"},"canonical":"https:\/\/a-kubed.com\/de\/expertise\/","og_locale":"de_DE","og_type":"article","og_title":"A-KUBED, votre expert dans la gestion de vos projets immobiliers","og_description":"Nous vous apportons nos meilleurs conseils, analysons vos besoins pour valoriservotre patrimoine immobilier.","og_url":"https:\/\/a-kubed.com\/de\/expertise\/","og_site_name":"A-Kubed","article_modified_time":"2022-12-19T19:52:33+00:00","twitter_card":"summary_large_image","schema":{"@context":"https:\/\/schema.org","@graph":[{"@type":"WebPage","@id":"https:\/\/a-kubed.com\/de\/expertise\/","url":"https:\/\/a-kubed.com\/de\/expertise\/","name":"A-KUBED, votre expert dans la gestion de vos projets immobiliers","isPartOf":{"@id":"https:\/\/a-kubed.com\/de\/#website"},"datePublished":"2022-11-01T21:27:35+00:00","dateModified":"2022-12-19T19:52:33+00:00","description":"Nous vous apportons nos meilleurs conseils, analysons vos besoins pour valoriservotre patrimoine immobilier.","breadcrumb":{"@id":"https:\/\/a-kubed.com\/de\/expertise\/#breadcrumb"},"inLanguage":"de","potentialAction":[{"@type":"ReadAction","target":["https:\/\/a-kubed.com\/de\/expertise\/"]}]},{"@type":"BreadcrumbList","@id":"https:\/\/a-kubed.com\/de\/expertise\/#breadcrumb","itemListElement":[{"@type":"ListItem","position":1,"name":"Accueil","item":"https:\/\/a-kubed.com\/de\/"},{"@type":"ListItem","position":2,"name":"Unsere Expertise"}]},{"@type":"WebSite","@id":"https:\/\/a-kubed.com\/de\/#website","url":"https:\/\/a-kubed.com\/de\/","name":"A-Kubed","description":"","potentialAction":[{"@type":"SearchAction","target":{"@type":"EntryPoint","urlTemplate":"https:\/\/a-kubed.com\/de\/?s={search_term_string}"},"query-input":{"@type":"PropertyValueSpecification","valueRequired":true,"valueName":"search_term_string"}}],"inLanguage":"de"}]}},"_links":{"self":[{"href":"https:\/\/a-kubed.com\/de\/wp-json\/wp\/v2\/pages\/23","targetHints":{"allow":["GET"]}}],"collection":[{"href":"https:\/\/a-kubed.com\/de\/wp-json\/wp\/v2\/pages"}],"about":[{"href":"https:\/\/a-kubed.com\/de\/wp-json\/wp\/v2\/types\/page"}],"author":[{"embeddable":true,"href":"https:\/\/a-kubed.com\/de\/wp-json\/wp\/v2\/users\/1"}],"replies":[{"embeddable":true,"href":"https:\/\/a-kubed.com\/de\/wp-json\/wp\/v2\/comments?post=23"}],"version-history":[{"count":5,"href":"https:\/\/a-kubed.com\/de\/wp-json\/wp\/v2\/pages\/23\/revisions"}],"predecessor-version":[{"id":669,"href":"https:\/\/a-kubed.com\/de\/wp-json\/wp\/v2\/pages\/23\/revisions\/669"}],"wp:attachment":[{"href":"https:\/\/a-kubed.com\/de\/wp-json\/wp\/v2\/media?parent=23"}],"curies":[{"name":"wp","href":"https:\/\/api.w.org\/{rel}","templated":true}]}}